{"id":3,"date":"2025-09-26T15:59:29","date_gmt":"2025-09-26T15:59:29","guid":{"rendered":"https:\/\/9to5deals.com\/?page_id=3"},"modified":"2026-04-08T15:29:24","modified_gmt":"2026-04-08T15:29:24","slug":"politica-de-privacidad","status":"publish","type":"page","link":"https:\/\/9to5deals.com\/en\/politica-de-privacidad\/","title":{"rendered":"Pol\u00edtica de privacidad"},"content":{"rendered":"<div data-elementor-type=\"wp-page\" data-elementor-id=\"3\" class=\"elementor elementor-3\">\n\t\t\t\t<div class=\"elementor-element elementor-element-6502a114 e-flex e-con-boxed e-con e-parent\" data-id=\"6502a114\" data-element_type=\"container\" data-e-type=\"container\">\n\t\t\t\t\t<div class=\"e-con-inner\">\n\t\t\t\t<div class=\"elementor-element elementor-element-5dde37cc elementor-widget elementor-widget-text-editor\" data-id=\"5dde37cc\" data-element_type=\"widget\" data-e-type=\"widget\" data-widget_type=\"text-editor.default\">\n\t\t\t\t\t\t\t\t\t\n<h2 class=\"wp-block-heading\">Fecha de entrada en vigor: 1 de febrero de 2026<\/h2>\n<p><span style=\"color: #000000;\"><\/span><\/p>\n<p><span style=\"color: #000000;\">En <strong>9to5deals<\/strong>, tu privacidad es nuestra prioridad. Esta Pol\u00edtica de Privacidad explica c\u00f3mo recopilamos, usamos y protegemos tu informaci\u00f3n cuando visitas nuestro sitio web<\/span> <span style=\"color: #000000;\"><span style=\"color: #ff0000;\"><a style=\"color: #ff0000;\" href=\"https:\/\/9to5deals.com\/en\/\">9to5deals.com<\/a><\/span> e interact\u00faas con nuestros servicios. Al usar nuestro sitio web, aceptas las pr\u00e1cticas que se describen a continuaci\u00f3n.<\/span><\/p>\n<p><span style=\"color: #000000;\"><\/span><\/p>\n<hr class=\"wp-block-separator has-alpha-channel-opacity\" \/>\n<p><span style=\"color: #000000;\"><\/span><\/p>\n<h2 class=\"wp-block-heading\"><span style=\"color: #000000;\">1. Informaci\u00f3n que recopilamos<\/span><\/h2>\n<p><span style=\"color: #000000;\">Podemos recopilar los siguientes tipos de informaci\u00f3n:<\/span><\/p>\n<ul>\n<li><span style=\"color: #000000;\"><strong>Informaci\u00f3n personal<\/strong>: Cuando se comunica con nosotros por correo electr\u00f3nico o tel\u00e9fono, puede proporcionarnos su nombre, direcci\u00f3n de correo electr\u00f3nico u otros datos de contacto.<\/span><\/li>\n<li><span style=\"color: #000000;\"><strong>Informaci\u00f3n no personal<\/strong>: Recopilamos autom\u00e1ticamente ciertos datos sobre su visita, como la direcci\u00f3n IP, el tipo de navegador, el sistema operativo, las p\u00e1ginas visitadas y las fuentes de referencia.<\/span><\/li>\n<li><span style=\"color: #000000;\"><strong>Cookies y seguimiento<\/strong>: Utilizamos cookies y tecnolog\u00edas similares para mejorar su experiencia, comprender el comportamiento del usuario y optimizar nuestro contenido. Puede gestionar sus preferencias de cookies a trav\u00e9s de la configuraci\u00f3n de su navegador.<\/span><\/li>\n<\/ul>\n<p><span style=\"color: #000000;\"><\/span><\/p>\n<hr class=\"wp-block-separator has-alpha-channel-opacity\" \/>\n<p><span style=\"color: #000000;\"><\/span><\/p>\n<h2 class=\"wp-block-heading\"><span style=\"color: #000000;\">2. C\u00f3mo utilizamos su informaci\u00f3n<\/span><\/h2>\n<p><span style=\"color: #000000;\"><\/span><\/p>\n<p><span style=\"color: #000000;\">La informaci\u00f3n que recopilamos puede utilizarse para:<\/span><\/p>\n<ul>\n<li><span style=\"color: #000000;\">Responder a sus consultas y mensajes.<\/span><\/li>\n<li><span style=\"color: #000000;\">Enviarle actualizaciones, promociones u ofertas relevantes (si se suscribe).<\/span><\/li>\n<li><span style=\"color: #000000;\">Mejorar nuestro sitio web, servicios y la experiencia del usuario.<\/span><\/li>\n<li><span style=\"color: #000000;\">Monitorizar y analizar el tr\u00e1fico y las tendencias del sitio web.<\/span><\/li>\n<\/ul>\n<p><span style=\"color: #000000;\"><strong>No vendemos, alquilamos ni compartimos su informaci\u00f3n personal<\/strong> con terceros.<\/span><\/p>\n<p><span style=\"color: #000000;\"><\/span><\/p>\n<hr class=\"wp-block-separator has-alpha-channel-opacity\" \/>\n<p><span style=\"color: #000000;\"><\/span><\/p>\n<h2 class=\"wp-block-heading\"><span style=\"color: #000000;\">3. Compartir su informaci\u00f3n<\/span><\/h2>\n<p><span style=\"color: #000000;\">Podemos compartir su informaci\u00f3n \u00fanicamente en los siguientes casos:<\/span><\/p>\n<ul>\n<li><span style=\"color: #000000;\">Con proveedores de servicios de confianza que nos ayudan a operar el sitio web o a prestar servicios, bajo estricta confidencialidad.<\/span><\/li>\n<li><span style=\"color: #000000;\">Cuando lo exija la ley, la normativa o un proceso legal.<\/span><\/li>\n<li><span style=\"color: #000000;\">En relaci\u00f3n con una fusi\u00f3n, adquisici\u00f3n o venta de activos, garantizando la protecci\u00f3n de su informaci\u00f3n.<\/span><\/li>\n<\/ul>\n<p><span style=\"color: #000000;\"><\/span><\/p>\n<hr class=\"wp-block-separator has-alpha-channel-opacity\" \/>\n<p><span style=\"color: #000000;\"><\/span><\/p>\n<h2 class=\"wp-block-heading\"><span style=\"color: #000000;\">4. Seguridad<\/span><\/h2>\n<p><span style=\"color: #000000;\"><\/span><\/p>\n<p><span style=\"color: #000000;\">Adoptamos <strong>medidas razonables<\/strong> para proteger su informaci\u00f3n personal contra el acceso, la alteraci\u00f3n, la divulgaci\u00f3n o la destrucci\u00f3n no autorizados. Sin embargo, ning\u00fan m\u00e9todo de transmisi\u00f3n por Internet es 100% seguro y no podemos garantizar la seguridad absoluta.<\/span><\/p>\n<p><span style=\"color: #000000;\"><\/span><\/p>\n<hr class=\"wp-block-separator has-alpha-channel-opacity\" \/>\n<p><span style=\"color: #000000;\"><\/span><\/p>\n<h2 class=\"wp-block-heading\"><span style=\"color: #000000;\">5. Enlaces de terceros<\/span><\/h2>\n<p><span style=\"color: #000000;\"><\/span><\/p>\n<p><span style=\"color: #000000;\">Nuestro sitio web puede contener enlaces a sitios web de terceros. Esta Pol\u00edtica de Privacidad <strong>no se aplica<\/strong> a dichos sitios web. Le recomendamos que lea las pol\u00edticas de privacidad de cualquier sitio web de terceros que visite.<\/span><\/p>\n<p><span style=\"color: #000000;\"><\/span><\/p>\n<hr class=\"wp-block-separator has-alpha-channel-opacity\" \/>\n<p><span style=\"color: #000000;\"><\/span><\/p>\n<h2 class=\"wp-block-heading\"><span style=\"color: #000000;\">6. Privacidad de los ni\u00f1os<\/span><\/h2>\n<p><span style=\"color: #000000;\"><\/span><\/p>\n<p><span style=\"color: #000000;\"><strong>9to5deals<\/strong> no recopila intencionadamente informaci\u00f3n personal de menores de 13 a\u00f1os. Si cree que hemos recopilado dicha informaci\u00f3n por error, p\u00f3ngase en contacto con nosotros para que la eliminemos.<\/span><\/p>\n<p><span style=\"color: #000000;\"><\/span><\/p>\n<hr class=\"wp-block-separator has-alpha-channel-opacity\" \/>\n<p><span style=\"color: #000000;\"><\/span><\/p>\n<h2 class=\"wp-block-heading\"><span style=\"color: #000000;\">7. Sus derechos<\/span><\/h2>\n<p><span style=\"color: #000000;\"><\/span><\/p>\n<p><span style=\"color: #000000;\">Tienes derecho a:<\/span><\/p>\n<ul>\n<li><span style=\"color: #000000;\">Acceder, rectificar o suprimir tu informaci\u00f3n personal.<\/span><\/li>\n<li><span style=\"color: #000000;\">Darte de baja de las comunicaciones de marketing.<\/span><\/li>\n<li><span style=\"color: #000000;\">Solicitar informaci\u00f3n sobre c\u00f3mo se procesan tus datos.<\/span><\/li>\n<\/ul>\n<p><span style=\"color: #000000;\">Para ejercer estos derechos, cont\u00e1ctanos en<\/span> <span style=\"color: #ff0000;\"><strong><a>contact@9to5deals.com<\/a><\/strong><\/span><span style=\"color: #000000;\">.<\/span><\/p>\n<p><span style=\"color: #000000;\"><\/span><\/p>\n<hr class=\"wp-block-separator has-alpha-channel-opacity\" \/>\n<p><span style=\"color: #000000;\"><\/span><\/p>\n<h2 class=\"wp-block-heading\"><span style=\"color: #000000;\">8. Cambios en esta Pol\u00edtica de Privacidad<\/span><\/h2>\n<p><span style=\"color: #000000;\"><\/span><\/p>\n<p><span style=\"color: #000000;\">Es posible que actualicemos esta Pol\u00edtica de Privacidad peri\u00f3dicamente. Las actualizaciones se publicar\u00e1n en esta p\u00e1gina con la fecha de entrada en vigor revisada. Le recomendamos que revise esta pol\u00edtica con regularidad.<\/span><\/p>\n<p><span style=\"color: #000000;\"><\/span><\/p>\n<hr class=\"wp-block-separator has-alpha-channel-opacity\" \/>\n<p><span style=\"color: #000000;\"><\/span><\/p>\n<h2 class=\"wp-block-heading\"><span style=\"color: #000000;\">9. Contacta con nosotros<\/span><\/h2>\n<p><span style=\"color: #000000;\"><\/span><\/p>\n<p><span style=\"color: #000000;\">Si tiene alguna pregunta sobre esta Pol\u00edtica de Privacidad o sobre nuestras pr\u00e1cticas de datos, puede ponerse en contacto con nosotros en:<\/span><\/p>\n<p><span style=\"color: #000000;\"><\/span><\/p>\n<p><span style=\"color: #000000;\">\ud83d\udce7 Email:\u00a0<a style=\"color: #000000;\">contact@9to5deals.com<\/a><\/span><br \/><span style=\"color: #000000;\">\ud83d\udcde Tel\u00e9fono: +(258) 851 682 774<\/span><\/p>\n\t\t\t\t\t\t\t\t<\/div>\n\t\t\t\t\t<\/div>\n\t\t\t\t<\/div>\n\t\t\t\t<\/div>","protected":false},"excerpt":{"rendered":"<p>Fecha de entrada en vigor: 1 de febrero de 2026 En 9to5deals, tu privacidad es nuestra prioridad. Esta Pol\u00edtica de Privacidad explica c\u00f3mo recopilamos, usamos y protegemos tu informaci\u00f3n cuando visitas nuestro sitio web 9to5deals.com e interact\u00faas con nuestros servicios. Al usar nuestro sitio web, aceptas las pr\u00e1cticas que se describen a continuaci\u00f3n. 1. Informaci\u00f3n [&hellip;]<\/p>\n","protected":false},"author":1,"featured_media":1694,"parent":0,"menu_order":0,"comment_status":"closed","ping_status":"open","template":"","meta":{"om_disable_all_campaigns":false,"_monsterinsights_skip_tracking":false,"_monsterinsights_sitenote_active":false,"_monsterinsights_sitenote_note":"","_monsterinsights_sitenote_category":0,"two_page_speed":[],"footnotes":""},"class_list":["post-3","page","type-page","status-publish","has-post-thumbnail","hentry"],"aioseo_notices":[],"_hostinger_reach_plugin_has_subscription_block":false,"_hostinger_reach_plugin_is_elementor":false,"_links":{"self":[{"href":"https:\/\/9to5deals.com\/en\/wp-json\/wp\/v2\/pages\/3","targetHints":{"allow":["GET"]}}],"collection":[{"href":"https:\/\/9to5deals.com\/en\/wp-json\/wp\/v2\/pages"}],"about":[{"href":"https:\/\/9to5deals.com\/en\/wp-json\/wp\/v2\/types\/page"}],"author":[{"embeddable":true,"href":"https:\/\/9to5deals.com\/en\/wp-json\/wp\/v2\/users\/1"}],"replies":[{"embeddable":true,"href":"https:\/\/9to5deals.com\/en\/wp-json\/wp\/v2\/comments?post=3"}],"version-history":[{"count":11,"href":"https:\/\/9to5deals.com\/en\/wp-json\/wp\/v2\/pages\/3\/revisions"}],"predecessor-version":[{"id":1815,"href":"https:\/\/9to5deals.com\/en\/wp-json\/wp\/v2\/pages\/3\/revisions\/1815"}],"wp:featuredmedia":[{"embeddable":true,"href":"https:\/\/9to5deals.com\/en\/wp-json\/wp\/v2\/media\/1694"}],"wp:attachment":[{"href":"https:\/\/9to5deals.com\/en\/wp-json\/wp\/v2\/media?parent=3"}],"curies":[{"name":"wp","href":"https:\/\/api.w.org\/{rel}","templated":true}]}}